{"id":37,"date":"2023-07-14T21:37:03","date_gmt":"2023-07-14T18:37:03","guid":{"rendered":"https:\/\/depoo.devel.ee\/?page_id=37"},"modified":"2024-10-16T09:54:28","modified_gmt":"2024-10-16T06:54:28","slug":"home","status":"publish","type":"page","link":"https:\/\/valgadepoo.ee\/ru\/","title":{"rendered":"\u0413\u043b\u0430\u0432\u043d\u0430\u044f"},"content":{"rendered":"<div data-elementor-type=\"wp-page\" data-elementor-id=\"37\" class=\"elementor elementor-37\">\n\t\t\t\t\t\t<section class=\"elementor-section elementor-top-section elementor-element elementor-element-a5e4a10 cspt-col-stretched-none cspt-bg-color-over-image elementor-section-boxed elementor-section-height-default elementor-section-height-default\" data-id=\"a5e4a10\" data-element_type=\"section\" data-e-type=\"section\">\n\t\t\t\t\t\t<div class=\"elementor-container elementor-column-gap-default\">\n\t\t\t\t\t<div class=\"elementor-column elementor-col-100 elementor-top-column elementor-element elementor-element-8d727ab cspt-bg-color-over-image\" data-id=\"8d727ab\" data-element_type=\"column\" data-e-type=\"column\">\n\t\t\t<div class=\"elementor-widget-wrap elementor-element-populated\">\n\t\t\t\t\t\t<div class=\"elementor-element elementor-element-a999e29 elementor-arrows-position-inside elementor-pagination-position-outside elementor-widget elementor-widget-image-carousel\" data-id=\"a999e29\" data-element_type=\"widget\" data-e-type=\"widget\" data-settings=\"{&quot;slides_to_show&quot;:&quot;1&quot;,&quot;navigation&quot;:&quot;both&quot;,&quot;autoplay&quot;:&quot;yes&quot;,&quot;pause_on_hover&quot;:&quot;yes&quot;,&quot;pause_on_interaction&quot;:&quot;yes&quot;,&quot;autoplay_speed&quot;:5000,&quot;infinite&quot;:&quot;yes&quot;,&quot;effect&quot;:&quot;slide&quot;,&quot;speed&quot;:500}\" data-widget_type=\"image-carousel.default\">\n\t\t\t\t<div class=\"elementor-widget-container\">\n\t\t\t\t\t\t\t<div class=\"elementor-image-carousel-wrapper swiper\" role=\"region\" aria-roledescription=\"carousel\" aria-label=\"Image Carousel\" dir=\"ltr\">\n\t\t\t<div class=\"elementor-image-carousel swiper-wrapper swiper-image-stretch\" aria-live=\"off\">\n\t\t\t\t\t\t\t\t<div class=\"swiper-slide\" role=\"group\" aria-roledescription=\"slide\" aria-label=\"1 of 5\"><figure class=\"swiper-slide-inner\"><img decoding=\"async\" class=\"swiper-slide-image\" src=\"https:\/\/valgadepoo.ee\/wp-content\/uploads\/2023\/09\/20230719_142026-1-scaled.jpg\" alt=\"20230719_142026\" \/><\/figure><\/div><div class=\"swiper-slide\" role=\"group\" aria-roledescription=\"slide\" aria-label=\"2 of 5\"><figure class=\"swiper-slide-inner\"><img decoding=\"async\" class=\"swiper-slide-image\" src=\"https:\/\/valgadepoo.ee\/wp-content\/uploads\/2023\/09\/20230719_142231-1-scaled.jpg\" alt=\"20230719_142231\" \/><\/figure><\/div><div class=\"swiper-slide\" role=\"group\" aria-roledescription=\"slide\" aria-label=\"3 of 5\"><figure class=\"swiper-slide-inner\"><img decoding=\"async\" class=\"swiper-slide-image\" src=\"https:\/\/valgadepoo.ee\/wp-content\/uploads\/2023\/09\/20230719_142314-1-scaled.jpg\" alt=\"20230719_142314\" \/><\/figure><\/div><div class=\"swiper-slide\" role=\"group\" aria-roledescription=\"slide\" aria-label=\"4 of 5\"><figure class=\"swiper-slide-inner\"><img decoding=\"async\" class=\"swiper-slide-image\" src=\"https:\/\/valgadepoo.ee\/wp-content\/uploads\/2023\/09\/20230719_142419-1-scaled.jpg\" alt=\"20230719_142419\" \/><\/figure><\/div><div class=\"swiper-slide\" role=\"group\" aria-roledescription=\"slide\" aria-label=\"5 of 5\"><figure class=\"swiper-slide-inner\"><img decoding=\"async\" class=\"swiper-slide-image\" src=\"https:\/\/valgadepoo.ee\/wp-content\/uploads\/2023\/09\/20230803_095416-1-scaled.jpg\" alt=\"20230803_095416\" \/><\/figure><\/div>\t\t\t<\/div>\n\t\t\t\t\t\t\t\t\t\t\t\t<div class=\"elementor-swiper-button elementor-swiper-button-prev\" role=\"button\" tabindex=\"0\">\n\t\t\t\t\t\t<i aria-hidden=\"true\" class=\"eicon-chevron-left\"><\/i>\t\t\t\t\t<\/div>\n\t\t\t\t\t<div class=\"elementor-swiper-button elementor-swiper-button-next\" role=\"button\" tabindex=\"0\">\n\t\t\t\t\t\t<i aria-hidden=\"true\" class=\"eicon-chevron-right\"><\/i>\t\t\t\t\t<\/div>\n\t\t\t\t\n\t\t\t\t\t\t\t\t\t<div class=\"swiper-pagination\"><\/div>\n\t\t\t\t\t\t\t\t\t<\/div>\n\t\t\t\t\t\t<\/div>\n\t\t\t\t<\/div>\n\t\t\t\t<div class=\"elementor-element elementor-element-98d8af1 elementor-widget elementor-widget-heading\" data-id=\"98d8af1\" data-element_type=\"widget\" data-e-type=\"widget\" data-widget_type=\"heading.default\">\n\t\t\t\t<div class=\"elementor-widget-container\">\n\t\t\t\t\t<h2 class=\"elementor-heading-title elementor-size-default\">\u041f\u0440\u0435\u0434\u043b\u0430\u0433\u0430\u0435\u043c \u0412\u0430\u043c \u0434\u043e\u043b\u0433\u043e\u0441\u0440\u043e\u0447\u043d\u043e\u0435 \u0438 \u0432\u0437\u0430\u0438\u043c\u043d\u043e\u0435 \u0441\u043e\u0442\u0440\u0443\u0434\u043d\u0438\u0447\u0435\u0441\u0442\u0432\u043e.<\/h2>\t\t\t\t<\/div>\n\t\t\t\t<\/div>\n\t\t\t\t<div class=\"elementor-element elementor-element-c330af7 elementor-widget elementor-widget-text-editor\" data-id=\"c330af7\" data-element_type=\"widget\" data-e-type=\"widget\" data-widget_type=\"text-editor.default\">\n\t\t\t\t<div class=\"elementor-widget-container\">\n\t\t\t\t\t\t\t\t\t<p>AS Valga Depoo on kaasaegne ettev\u00f5te, kes pakub oma klientidele terviklikku&nbsp; kaubavagunite remonditeenust.<\/p>\n<p>AS Valga Depoo \u0441\u0442\u0440\u0435\u043c\u0438\u0442\u0441\u044f \u0441\u0442\u0430\u0442\u044c \u043d\u0430\u0434\u0435\u0436\u043d\u044b\u043c \u043f\u0430\u0440\u0442\u043d\u0435\u0440\u043e\u043c \u0434\u043b\u044f \u0436\u0435\u043b\u0435\u0437\u043d\u043e\u0434\u043e\u0440\u043e\u0436\u043d\u044b\u0445 \u043a\u043e\u043c\u043f\u0430\u043d\u0438\u0439, \u043e\u0431\u0435\u0441\u043f\u0435\u0447\u0438\u0432\u0430\u044f \u0432\u044b\u0441\u043e\u043a\u043e\u0435 \u043a\u0430\u0447\u0435\u0441\u0442\u0432\u043e \u043e\u043a\u0430\u0437\u044b\u0432\u0430\u0435\u043c\u044b\u0445 \u0443\u0441\u043b\u0443\u0433. \u0412 AS Valga Depoo \u043e\u0431\u044a\u0435\u0434\u0438\u043d\u0435\u043d\u044b \u043e\u043f\u044b\u0442 \u0441\u043f\u0435\u0446\u0438\u0430\u043b\u0438\u0441\u0442\u043e\u0432 \u0438 \u043f\u0435\u0440\u0435\u0434\u043e\u0432\u043e\u0435 \u043e\u0431\u043e\u0440\u0443\u0434\u043e\u0432\u0430\u043d\u0438\u0435, \u0434\u043b\u044f \u043e\u0431\u0435\u0441\u043f\u0435\u0447\u0435\u043d\u0438\u044f \u0431\u0435\u0441\u043f\u0435\u0440\u0435\u0431\u043e\u0439\u043d\u043e\u0433\u043e \u0438 \u0431\u0435\u0437\u043e\u043f\u0430\u0441\u043d\u043e\u0433\u043e \u0444\u0443\u043d\u043a\u0446\u0438\u043e\u043d\u0438\u0440\u043e\u0432\u0430\u043d\u0438\u044f \u0436\u0435\u043b\u0435\u0437\u043d\u043e\u0434\u043e\u0440\u043e\u0436\u043d\u043e\u0433\u043e \u0442\u0440\u0430\u043d\u0441\u043f\u043e\u0440\u0442\u0430.<\/p>\n<p>\u0414\u0435\u044f\u0442\u0435\u043b\u044c\u043d\u043e\u0441\u0442\u044c \u0434\u0435\u043f\u043e \u0441\u0435\u0440\u0442\u0438\u0444\u0438\u0446\u0438\u0440\u043e\u0432\u0430\u043d\u0430 \u043f\u043e \u0441\u0442\u0430\u043d\u0434\u0430\u0440\u0442\u0430\u043c ISO 9001; 14001; 45001; 17025; ECM (certificate EE\/31\/0023\/0001).<\/p>\n<p>AS Valga Depoo \u043f\u0440\u0438\u0434\u0435\u0440\u0436\u0438\u0432\u0430\u0435\u0442\u0441\u044f \u0432\u044b\u0441\u043e\u043a\u0438\u0445 \u0441\u0442\u0430\u043d\u0434\u0430\u0440\u0442\u043e\u0432 \u044d\u043a\u043e\u043b\u043e\u0433\u0438\u0447\u0435\u0441\u043a\u043e\u0439 \u0431\u0435\u0437\u043e\u043f\u0430\u0441\u043d\u043e\u0441\u0442\u0438 \u0438 \u044d\u0444\u0444\u0435\u043a\u0442\u0438\u0432\u043d\u043e\u0441\u0442\u0438, \u0438\u0441\u043f\u043e\u043b\u044c\u0437\u0443\u044f \u0441\u043e\u0432\u0440\u0435\u043c\u0435\u043d\u043d\u044b\u0435 \u0442\u0435\u0445\u043d\u043e\u043b\u043e\u0433\u0438\u0438 \u0434\u043b\u044f \u0443\u043c\u0435\u043d\u044c\u0448\u0435\u043d\u0438\u044f \u0432\u043e\u0437\u0434\u0435\u0439\u0441\u0442\u0432\u0438\u044f \u043d\u0430 \u043e\u043a\u0440\u0443\u0436\u0430\u044e\u0449\u0443\u044e \u0441\u0440\u0435\u0434\u0443.<\/p>\n<p><\/p>\t\t\t\t\t\t\t\t<\/div>\n\t\t\t\t<\/div>\n\t\t\t\t\t<\/div>\n\t\t<\/div>\n\t\t\t\t\t<\/div>\n\t\t<\/section>\n\t\t\t\t<section class=\"elementor-section elementor-top-section elementor-element elementor-element-5f3ea7f cspt-col-stretched-none cspt-bg-color-over-image elementor-section-boxed elementor-section-height-default elementor-section-height-default\" data-id=\"5f3ea7f\" data-element_type=\"section\" data-e-type=\"section\">\n\t\t\t\t\t\t<div class=\"elementor-container elementor-column-gap-default\">\n\t\t\t\t\t<div class=\"elementor-column elementor-col-50 elementor-top-column elementor-element elementor-element-190c8ff cspt-bg-color-over-image\" data-id=\"190c8ff\" data-element_type=\"column\" data-e-type=\"column\">\n\t\t\t<div class=\"elementor-widget-wrap elementor-element-populated\">\n\t\t\t\t\t\t<div class=\"elementor-element elementor-element-1f8f4b5 elementor-widget elementor-widget-text-editor\" data-id=\"1f8f4b5\" data-element_type=\"widget\" data-e-type=\"widget\" data-widget_type=\"text-editor.default\">\n\t\t\t\t<div class=\"elementor-widget-container\">\n\t\t\t\t\t\t\t\t\t<p>\u041f\u0440\u043e\u0435\u043a\u0442 \u043f\u043e \u0440\u0430\u0437\u0432\u0438\u0442\u0438\u044e \u0443\u0441\u0442\u043e\u0439\u0447\u0438\u0432\u043e\u0433\u043e \u044d\u043d\u0435\u0440\u0433\u0435\u0442\u0438\u0447\u0435\u0441\u043a\u043e\u0433\u043e \u043f\u0435\u0440\u0435\u0445\u043e\u0434\u0430 \u0438 \u0431\u0435\u0437\u043e\u043f\u0430\u0441\u043d\u043e\u0441\u0442\u0438 AS Valga Depoo \u043f\u043e\u043b\u0443\u0447\u0438\u043b \u043f\u043e\u0434\u0434\u0435\u0440\u0436\u043a\u0443 \u0444\u043e\u043d\u0434\u0430 \u043f\u0440\u0435\u0434\u043f\u0440\u0438\u043d\u0438\u043c\u0430\u0442\u0435\u043b\u044c\u0441\u0442\u0432\u0430 \u0438 \u0438\u043d\u043d\u043e\u0432\u0430\u0446\u0438\u0439 \u0434\u043b\u044f \u043e\u0431\u0435\u0441\u043f\u0435\u0447\u0435\u043d\u0438\u044f \u043d\u0430\u0434\u0435\u0436\u043d\u043e\u0441\u0442\u0438 \u0441\u043d\u0430\u0431\u0436\u0435\u043d\u0438\u044f<\/p><p><strong>\u041a\u0440\u0430\u0442\u043a\u043e\u0435 \u043e\u043f\u0438\u0441\u0430\u043d\u0438\u0435 \u043f\u0440\u043e\u0435\u043a\u0442\u0430:<\/strong><br \/>\u0412 \u0440\u0430\u043c\u043a\u0430\u0445 \u043f\u0440\u043e\u0435\u043a\u0442\u0430 Valga Depoo AS \u0431\u0443\u0434\u0435\u0442 \u0443\u0441\u0442\u0430\u043d\u043e\u0432\u043b\u0435\u043d\u043e \u0443\u0441\u0442\u0440\u043e\u0439\u0441\u0442\u0432\u043e \u0434\u043b\u044f \u043f\u0440\u043e\u0438\u0437\u0432\u043e\u0434\u0441\u0442\u0432\u0430 \u0441\u043e\u043b\u043d\u0435\u0447\u043d\u043e\u0439 \u044d\u043d\u0435\u0440\u0433\u0438\u0438 \u043c\u043e\u0449\u043d\u043e\u0441\u0442\u044c\u044e 100 \u043a\u0412\u0442 \u0438 \u0441\u0438\u0441\u0442\u0435\u043c\u0430 \u0445\u0440\u0430\u043d\u0435\u043d\u0438\u044f \u044d\u043b\u0435\u043a\u0442\u0440\u043e\u044d\u043d\u0435\u0440\u0433\u0438\u0438 \u0451\u043c\u043a\u043e\u0441\u0442\u044c\u044e 51,2 \u043a\u0412\u0442\u00b7\u0447. \u041f\u0440\u043e\u0435\u043a\u0442 \u0444\u0438\u043d\u0430\u043d\u0441\u0438\u0440\u0443\u0435\u0442\u0441\u044f \u0437\u0430 \u0441\u0447\u0435\u0442 \u0441\u0440\u0435\u0434\u0441\u0442\u0432 \u0415\u0432\u0440\u043e\u043f\u0435\u0439\u0441\u043a\u043e\u0433\u043e \u0421\u043e\u044e\u0437\u0430, \u0432\u044b\u0434\u0435\u043b\u0435\u043d\u043d\u044b\u0445 \u0438\u0437 \u0444\u043e\u043d\u0434\u0430 \u0432\u043e\u0441\u0441\u0442\u0430\u043d\u043e\u0432\u043b\u0435\u043d\u0438\u044f NextGenerationEU, \u043d\u0430 \u0441\u0443\u043c\u043c\u0443 27 369,90 \u0435\u0432\u0440\u043e.<\/p><p><strong>\u0426\u0435\u043b\u044c \u0438 \u0440\u0435\u0437\u0443\u043b\u044c\u0442\u0430\u0442 \u043f\u0440\u043e\u0435\u043a\u0442\u0430:<\/strong><br \/>\u0414\u043e\u0431\u0430\u0432\u043b\u0435\u043d\u0438\u0435 \u0443\u0441\u0442\u0440\u043e\u0439\u0441\u0442\u0432\u0430 \u0434\u043b\u044f \u043f\u0440\u043e\u0438\u0437\u0432\u043e\u0434\u0441\u0442\u0432\u0430 \u0441\u043e\u043b\u043d\u0435\u0447\u043d\u043e\u0439 \u044d\u043d\u0435\u0440\u0433\u0438\u0438 \u043c\u043e\u0449\u043d\u043e\u0441\u0442\u044c\u044e 100 \u043a\u0412\u0442 \u0438 \u0440\u0435\u0448\u0435\u043d\u0438\u044f \u0434\u043b\u044f \u043d\u0430\u043a\u043e\u043f\u043b\u0435\u043d\u0438\u044f \u044d\u043b\u0435\u043a\u0442\u0440\u0438\u0447\u0435\u0441\u043a\u043e\u0439 \u044d\u043d\u0435\u0440\u0433\u0438\u0438 \u0451\u043c\u043a\u043e\u0441\u0442\u044c\u044e 51,2 \u043a\u0412\u0442\u00b7\u0447 \u044f\u0432\u043b\u044f\u0435\u0442\u0441\u044f \u0432\u0430\u0436\u043d\u044b\u043c \u0448\u0430\u0433\u043e\u043c \u0434\u043b\u044f AS Valga Depoo \u0432 \u043e\u0431\u0435\u0441\u043f\u0435\u0447\u0435\u043d\u0438\u0438 \u043d\u0430\u0434\u0435\u0436\u043d\u043e\u0441\u0442\u0438 \u0441\u043d\u0430\u0431\u0436\u0435\u043d\u0438\u044f \u0438 \u0441\u043d\u0438\u0436\u0435\u043d\u0438\u0438 \u0432\u043e\u0437\u0434\u0435\u0439\u0441\u0442\u0432\u0438\u044f \u043d\u0430 \u043e\u043a\u0440\u0443\u0436\u0430\u044e\u0449\u0443\u044e \u0441\u0440\u0435\u0434\u0443.<\/p>\t\t\t\t\t\t\t\t<\/div>\n\t\t\t\t<\/div>\n\t\t\t\t\t<\/div>\n\t\t<\/div>\n\t\t\t\t<div class=\"elementor-column elementor-col-50 elementor-top-column elementor-element elementor-element-3a97935 cspt-bg-color-over-image\" data-id=\"3a97935\" data-element_type=\"column\" data-e-type=\"column\">\n\t\t\t<div class=\"elementor-widget-wrap elementor-element-populated\">\n\t\t\t\t\t\t<div class=\"elementor-element elementor-element-c8f19a5 elementor-widget__width-initial elementor-widget elementor-widget-image\" data-id=\"c8f19a5\" data-element_type=\"widget\" data-e-type=\"widget\" data-widget_type=\"image.default\">\n\t\t\t\t<div class=\"elementor-widget-container\">\n\t\t\t\t\t\t\t\t\t\t\t\t\t\t\t<img fetchpriority=\"high\" decoding=\"async\" width=\"847\" height=\"476\" src=\"https:\/\/valgadepoo.ee\/wp-content\/uploads\/2024\/07\/nextgen_rahastanud_el_nextgeneration_est_hor_color-1024x575.jpg\" class=\"attachment-large size-large wp-image-522\" alt=\"\" srcset=\"https:\/\/valgadepoo.ee\/wp-content\/uploads\/2024\/07\/nextgen_rahastanud_el_nextgeneration_est_hor_color-1024x575.jpg 1024w, https:\/\/valgadepoo.ee\/wp-content\/uploads\/2024\/07\/nextgen_rahastanud_el_nextgeneration_est_hor_color-300x169.jpg 300w, https:\/\/valgadepoo.ee\/wp-content\/uploads\/2024\/07\/nextgen_rahastanud_el_nextgeneration_est_hor_color-768x431.jpg 768w, https:\/\/valgadepoo.ee\/wp-content\/uploads\/2024\/07\/nextgen_rahastanud_el_nextgeneration_est_hor_color-18x10.jpg 18w, https:\/\/valgadepoo.ee\/wp-content\/uploads\/2024\/07\/nextgen_rahastanud_el_nextgeneration_est_hor_color-770x432.jpg 770w, https:\/\/valgadepoo.ee\/wp-content\/uploads\/2024\/07\/nextgen_rahastanud_el_nextgeneration_est_hor_color.jpg 1200w\" sizes=\"(max-width: 847px) 100vw, 847px\" data-id=\"522\" \/>\t\t\t\t\t\t\t\t\t\t\t\t\t\t\t<\/div>\n\t\t\t\t<\/div>\n\t\t\t\t\t<\/div>\n\t\t<\/div>\n\t\t\t\t\t<\/div>\n\t\t<\/section>\n\t\t\t\t<section class=\"elementor-section elementor-top-section elementor-element elementor-element-b607638 cspt-col-stretched-none cspt-bg-color-over-image elementor-section-boxed elementor-section-height-default elementor-section-height-default\" data-id=\"b607638\" data-element_type=\"section\" data-e-type=\"section\">\n\t\t\t\t\t\t<div class=\"elementor-container elementor-column-gap-default\">\n\t\t\t\t\t<div class=\"elementor-column elementor-col-50 elementor-top-column elementor-element elementor-element-b5818ae cspt-bg-color-over-image\" data-id=\"b5818ae\" data-element_type=\"column\" data-e-type=\"column\">\n\t\t\t<div class=\"elementor-widget-wrap elementor-element-populated\">\n\t\t\t\t\t\t<div class=\"elementor-element elementor-element-6c38efd elementor-widget__width-initial elementor-widget elementor-widget-image\" data-id=\"6c38efd\" data-element_type=\"widget\" data-e-type=\"widget\" data-widget_type=\"image.default\">\n\t\t\t\t<div class=\"elementor-widget-container\">\n\t\t\t\t\t\t\t\t\t\t\t\t\t\t\t<img decoding=\"async\" width=\"847\" height=\"490\" src=\"https:\/\/valgadepoo.ee\/wp-content\/uploads\/2024\/07\/el_regionaalarengu_fond_horisontaalne-1024x593.jpg\" class=\"attachment-large size-large wp-image-552\" alt=\"\" srcset=\"https:\/\/valgadepoo.ee\/wp-content\/uploads\/2024\/07\/el_regionaalarengu_fond_horisontaalne-1024x593.jpg 1024w, https:\/\/valgadepoo.ee\/wp-content\/uploads\/2024\/07\/el_regionaalarengu_fond_horisontaalne-300x174.jpg 300w, https:\/\/valgadepoo.ee\/wp-content\/uploads\/2024\/07\/el_regionaalarengu_fond_horisontaalne-768x444.jpg 768w, https:\/\/valgadepoo.ee\/wp-content\/uploads\/2024\/07\/el_regionaalarengu_fond_horisontaalne-1536x889.jpg 1536w, https:\/\/valgadepoo.ee\/wp-content\/uploads\/2024\/07\/el_regionaalarengu_fond_horisontaalne-2048x1185.jpg 2048w, https:\/\/valgadepoo.ee\/wp-content\/uploads\/2024\/07\/el_regionaalarengu_fond_horisontaalne-18x10.jpg 18w, https:\/\/valgadepoo.ee\/wp-content\/uploads\/2024\/07\/el_regionaalarengu_fond_horisontaalne-770x446.jpg 770w\" sizes=\"(max-width: 847px) 100vw, 847px\" data-id=\"552\" \/>\t\t\t\t\t\t\t\t\t\t\t\t\t\t\t<\/div>\n\t\t\t\t<\/div>\n\t\t\t\t\t<\/div>\n\t\t<\/div>\n\t\t\t\t<div class=\"elementor-column elementor-col-50 elementor-top-column elementor-element elementor-element-830a812 cspt-bg-image-over-color\" data-id=\"830a812\" data-element_type=\"column\" data-e-type=\"column\">\n\t\t\t<div class=\"elementor-widget-wrap elementor-element-populated\">\n\t\t\t\t\t\t<div class=\"elementor-element elementor-element-2b6b98c elementor-widget elementor-widget-text-editor\" data-id=\"2b6b98c\" data-element_type=\"widget\" data-e-type=\"widget\" data-widget_type=\"text-editor.default\">\n\t\t\t\t<div class=\"elementor-widget-container\">\n\t\t\t\t\t\t\t\t\t<p>\u041f\u0440\u043e\u0435\u043a\u0442 \u00ab\u0418\u043d\u0432\u0435\u0441\u0442\u0438\u0446\u0438\u0438 \u0432 \u0440\u0435\u0441\u0443\u0440\u0441\u043d\u0443\u044e \u044d\u0444\u0444\u0435\u043a\u0442\u0438\u0432\u043d\u043e\u0441\u0442\u044c Valga Depoo AS\u00bb \u043f\u043e\u043b\u0443\u0447\u0438\u043b \u043f\u043e\u0434\u0434\u0435\u0440\u0436\u043a\u0443 \u043e\u0442 \u0415\u0432\u0440\u043e\u043f\u0435\u0439\u0441\u043a\u043e\u0433\u043e \u0444\u043e\u043d\u0434\u0430 \u0440\u0435\u0433\u0438\u043e\u043d\u0430\u043b\u044c\u043d\u043e\u0433\u043e \u0440\u0430\u0437\u0432\u0438\u0442\u0438\u044f.<\/p><p><strong>\u041a\u0440\u0430\u0442\u043a\u043e\u0435 \u043e\u043f\u0438\u0441\u0430\u043d\u0438\u0435 \u043f\u0440\u043e\u0435\u043a\u0442\u0430:<\/strong><br \/>\u0412 \u0440\u0435\u0437\u0443\u043b\u044c\u0442\u0430\u0442\u0435 \u0438\u043d\u0432\u0435\u0441\u0442\u0438\u0446\u0438\u0439 \u0432 \u0440\u0435\u0441\u0443\u0440\u0441\u043d\u0443\u044e \u044d\u0444\u0444\u0435\u043a\u0442\u0438\u0432\u043d\u043e\u0441\u0442\u044c \u043f\u0440\u043e\u0438\u0437\u0432\u043e\u0434\u0441\u0442\u0432\u043e Valga Depoo AS \u0441\u0442\u0430\u043d\u0435\u0442 \u0431\u043e\u043b\u0435\u0435 \u0440\u0435\u0441\u0443\u0440\u0441\u043e\u0441\u0431\u0435\u0440\u0435\u0433\u0430\u044e\u0449\u0438\u043c, \u0430 \u0432\u0430\u0433\u043e\u043d\u044b \u0431\u0443\u0434\u0443\u0442 \u0440\u0435\u043c\u043e\u043d\u0442\u0438\u0440\u043e\u0432\u0430\u0442\u044c\u0441\u044f \u0441 \u043c\u0435\u043d\u044c\u0448\u0438\u043c\u0438 \u0437\u0430\u0442\u0440\u0430\u0442\u0430\u043c\u0438 \u0440\u0435\u0441\u0443\u0440\u0441\u043e\u0432 \u0438 \u0441 \u0431\u043e\u043b\u044c\u0448\u0435\u0439 \u043f\u0440\u043e\u0438\u0437\u0432\u043e\u0434\u0438\u0442\u0435\u043b\u044c\u043d\u043e\u0441\u0442\u044c\u044e. \u0411\u043b\u0430\u0433\u043e\u0434\u0430\u0440\u044f \u043d\u043e\u0432\u044b\u043c \u043e\u0431\u043e\u0440\u0443\u0434\u043e\u0432\u0430\u043d\u0438\u0435\u043c \u043f\u0440\u043e\u0438\u0437\u0432\u043e\u0434\u0441\u0442\u0432\u043e \u0441\u0442\u0430\u043d\u0435\u0442 \u0431\u044b\u0441\u0442\u0440\u0435\u0435, \u0431\u043e\u043b\u0435\u0435 \u043c\u0430\u0441\u0448\u0442\u0430\u0431\u043d\u044b\u043c \u0438 \u0440\u0435\u0441\u0443\u0440\u0441\u043e\u0441\u0431\u0435\u0440\u0435\u0433\u0430\u044e\u0449\u0438\u043c.<\/p><p><strong>\u0426\u0435\u043b\u044c \u0438 \u0440\u0435\u0437\u0443\u043b\u044c\u0442\u0430\u0442 \u043f\u0440\u043e\u0435\u043a\u0442\u0430:<\/strong><br \/>\u0426\u0435\u043b\u044c\u044e \u043f\u0440\u043e\u0435\u043a\u0442\u0430 \u044f\u0432\u043b\u044f\u0435\u0442\u0441\u044f \u0443\u043b\u0443\u0447\u0448\u0435\u043d\u0438\u0435 \u0438\u0441\u043f\u043e\u043b\u044c\u0437\u043e\u0432\u0430\u043d\u0438\u044f \u0440\u0435\u0441\u0443\u0440\u0441\u043e\u0432 \u0438 \u043f\u043e\u0432\u044b\u0448\u0435\u043d\u0438\u0435 \u0438\u0445 \u043f\u0440\u043e\u0438\u0437\u0432\u043e\u0434\u0438\u0442\u0435\u043b\u044c\u043d\u043e\u0441\u0442\u0438. \u0412 \u0440\u0435\u0437\u0443\u043b\u044c\u0442\u0430\u0442\u0435 \u043f\u0440\u043e\u0435\u043a\u0442\u0430 \u0437\u0430\u0442\u0440\u0430\u0442\u044b \u043a\u043e\u043c\u043f\u0430\u043d\u0438\u0438 \u043d\u0430 \u0440\u0435\u0441\u0443\u0440\u0441\u044b \u0441\u043d\u0438\u0437\u044f\u0442\u0441\u044f, \u0442\u0430\u043a \u043a\u0430\u043a \u0434\u043b\u044f \u043f\u0440\u043e\u0438\u0437\u0432\u043e\u0434\u0441\u0442\u0432\u0430 \u0435\u0434\u0438\u043d\u0438\u0446\u044b \u043f\u0440\u043e\u0434\u0443\u043a\u0446\u0438\u0438 \u043f\u043e\u0442\u0440\u0435\u0431\u0443\u0435\u0442\u0441\u044f \u043c\u0435\u043d\u044c\u0448\u0435 \u0440\u0435\u0441\u0443\u0440\u0441\u043e\u0432. \u041f\u0440\u0438 \u0432\u043d\u0435\u0434\u0440\u0435\u043d\u0438\u0438 \u0440\u0435\u0437\u0443\u043b\u044c\u0442\u0430\u0442\u043e\u0432 \u043f\u0440\u043e\u0435\u043a\u0442\u0430 Valga Depoo AS \u0441\u043c\u043e\u0436\u0435\u0442 \u043f\u0440\u043e\u0432\u043e\u0434\u0438\u0442\u044c \u0440\u0435\u043c\u043e\u043d\u0442 \u0431\u044b\u0441\u0442\u0440\u0435\u0435, \u0447\u0442\u043e \u043f\u043e\u0437\u0432\u043e\u043b\u0438\u0442 \u0443\u0432\u0435\u043b\u0438\u0447\u0438\u0442\u044c \u043e\u0431\u044a\u0435\u043c \u043f\u0440\u043e\u0438\u0437\u0432\u043e\u0434\u0441\u0442\u0432\u0430 \u043f\u0440\u0438 \u0441\u043e\u0445\u0440\u0430\u043d\u0435\u043d\u0438\u0438 \u043d\u0438\u0437\u043a\u0438\u0445 \u043f\u043e\u0441\u0442\u043e\u044f\u043d\u043d\u044b\u0445 \u0437\u0430\u0442\u0440\u0430\u0442 \u0438 \u043f\u043e\u0442\u0440\u0435\u0431\u043b\u0435\u043d\u0438\u044f \u0440\u0435\u0441\u0443\u0440\u0441\u043e\u0432. \u0421\u0443\u043c\u043c\u0430 \u0437\u0430\u043f\u0440\u0430\u0448\u0438\u0432\u0430\u0435\u043c\u043e\u0439 \u043f\u043e\u0434\u0434\u0435\u0440\u0436\u043a\u0438 \u0441\u043e\u0441\u0442\u0430\u0432\u043b\u044f\u0435\u0442 176 000 \u0435\u0432\u0440\u043e.<\/p>\t\t\t\t\t\t\t\t<\/div>\n\t\t\t\t<\/div>\n\t\t\t\t\t<\/div>\n\t\t<\/div>\n\t\t\t\t\t<\/div>\n\t\t<\/section>\n\t\t\t\t<\/div>","protected":false},"excerpt":{"rendered":"<p>Pakume Teile pikaajalist ja vastastikust koost\u00f6\u00f6d. AS Valga Depoo on kaasaegne ettev\u00f5te, kes pakub oma klientidele terviklikku&nbsp; kaubavagunite remonditeenust. Teenuste loetelu h\u00f5lmab endas vagunite ettevalmistamist remondiks, depoo- ja kapitaalremonti, vagunite v\u00e4rvimist, vagunite ettevalmistamist kaubaveoks. Meie t\u00f6\u00f6koja tegevus on sertifitseeritud standardi ISO 9001 j\u00e4rgi; 14001; 45001; 17025; ECM (sertikaat EE\/31\/0023\/0001). Remondi kvaliteedikontroll ja klientide optimeeritud kulud, on oluliseks kriteeriumiks AS Valga Depoo t\u00f6\u00f6s ning kaubavagnite remonditurul. Projekt Valga Depoo AS-i j\u00e4tkusuutliku[&hellip;]<\/p>\n","protected":false},"author":1,"featured_media":0,"parent":0,"menu_order":0,"comment_status":"closed","ping_status":"closed","template":"","meta":{"_acf_changed":false,"footnotes":""},"class_list":["post-37","page","type-page","status-publish","hentry"],"acf":[],"_links":{"self":[{"href":"https:\/\/valgadepoo.ee\/ru\/wp-json\/wp\/v2\/pages\/37"}],"collection":[{"href":"https:\/\/valgadepoo.ee\/ru\/wp-json\/wp\/v2\/pages"}],"about":[{"href":"https:\/\/valgadepoo.ee\/ru\/wp-json\/wp\/v2\/types\/page"}],"author":[{"embeddable":true,"href":"https:\/\/valgadepoo.ee\/ru\/wp-json\/wp\/v2\/users\/1"}],"replies":[{"embeddable":true,"href":"https:\/\/valgadepoo.ee\/ru\/wp-json\/wp\/v2\/comments?post=37"}],"version-history":[{"count":77,"href":"https:\/\/valgadepoo.ee\/ru\/wp-json\/wp\/v2\/pages\/37\/revisions"}],"predecessor-version":[{"id":589,"href":"https:\/\/valgadepoo.ee\/ru\/wp-json\/wp\/v2\/pages\/37\/revisions\/589"}],"wp:attachment":[{"href":"https:\/\/valgadepoo.ee\/ru\/wp-json\/wp\/v2\/media?parent=37"}],"curies":[{"name":"wp","href":"https:\/\/api.w.org\/{rel}","templated":true}]}}