{"id":94,"date":"2023-07-17T16:14:01","date_gmt":"2023-07-17T13:14:01","guid":{"rendered":"https:\/\/depoo.devel.ee\/?page_id=94"},"modified":"2023-09-15T11:00:43","modified_gmt":"2023-09-15T08:00:43","slug":"meist","status":"publish","type":"page","link":"https:\/\/valgadepoo.ee\/en\/meist\/","title":{"rendered":"About us"},"content":{"rendered":"<div data-elementor-type=\"wp-page\" data-elementor-id=\"94\" class=\"elementor elementor-94\">\n\t\t\t\t\t\t<section class=\"elementor-section elementor-top-section elementor-element elementor-element-a20f9d5 cspt-col-stretched-none cspt-bg-color-over-image elementor-section-boxed elementor-section-height-default elementor-section-height-default\" data-id=\"a20f9d5\" data-element_type=\"section\" data-e-type=\"section\">\n\t\t\t\t\t\t<div class=\"elementor-container elementor-column-gap-default\">\n\t\t\t\t\t<div class=\"elementor-column elementor-col-100 elementor-top-column elementor-element elementor-element-2764652 cspt-bg-color-over-image\" data-id=\"2764652\" data-element_type=\"column\" data-e-type=\"column\">\n\t\t\t<div class=\"elementor-widget-wrap elementor-element-populated\">\n\t\t\t\t\t\t<div class=\"elementor-element elementor-element-f3b0513 elementor-widget elementor-widget-spacer\" data-id=\"f3b0513\" data-element_type=\"widget\" data-e-type=\"widget\" data-widget_type=\"spacer.default\">\n\t\t\t\t<div class=\"elementor-widget-container\">\n\t\t\t\t\t\t\t<div class=\"elementor-spacer\">\n\t\t\t<div class=\"elementor-spacer-inner\"><\/div>\n\t\t<\/div>\n\t\t\t\t\t\t<\/div>\n\t\t\t\t<\/div>\n\t\t\t\t\t<\/div>\n\t\t<\/div>\n\t\t\t\t\t<\/div>\n\t\t<\/section>\n\t\t\t\t<section class=\"elementor-section elementor-top-section elementor-element elementor-element-ef44ebf cspt-col-stretched-none cspt-bg-color-over-image elementor-section-boxed elementor-section-height-default elementor-section-height-default\" data-id=\"ef44ebf\" data-element_type=\"section\" data-e-type=\"section\">\n\t\t\t\t\t\t<div class=\"elementor-container elementor-column-gap-default\">\n\t\t\t\t\t<div class=\"elementor-column elementor-col-100 elementor-top-column elementor-element elementor-element-189de5a cspt-bg-color-over-image\" data-id=\"189de5a\" data-element_type=\"column\" data-e-type=\"column\">\n\t\t\t<div class=\"elementor-widget-wrap elementor-element-populated\">\n\t\t\t\t\t\t<div class=\"elementor-element elementor-element-e9393b6 elementor-arrows-position-inside elementor-pagination-position-outside elementor-widget elementor-widget-image-carousel\" data-id=\"e9393b6\" data-element_type=\"widget\" data-e-type=\"widget\" data-settings=\"{&quot;slides_to_show&quot;:&quot;1&quot;,&quot;navigation&quot;:&quot;both&quot;,&quot;autoplay&quot;:&quot;yes&quot;,&quot;pause_on_hover&quot;:&quot;yes&quot;,&quot;pause_on_interaction&quot;:&quot;yes&quot;,&quot;autoplay_speed&quot;:5000,&quot;infinite&quot;:&quot;yes&quot;,&quot;effect&quot;:&quot;slide&quot;,&quot;speed&quot;:500}\" data-widget_type=\"image-carousel.default\">\n\t\t\t\t<div class=\"elementor-widget-container\">\n\t\t\t\t\t\t\t<div class=\"elementor-image-carousel-wrapper swiper\" role=\"region\" aria-roledescription=\"carousel\" aria-label=\"Image Carousel\" dir=\"ltr\">\n\t\t\t<div class=\"elementor-image-carousel swiper-wrapper swiper-image-stretch\" aria-live=\"off\">\n\t\t\t\t\t\t\t\t<div class=\"swiper-slide\" role=\"group\" aria-roledescription=\"slide\" aria-label=\"1 of 3\"><figure class=\"swiper-slide-inner\"><img decoding=\"async\" class=\"swiper-slide-image\" src=\"https:\/\/valgadepoo.ee\/wp-content\/uploads\/2023\/07\/meist_slider_1-scaled.jpg\" alt=\"meist_slider_1\" \/><\/figure><\/div><div class=\"swiper-slide\" role=\"group\" aria-roledescription=\"slide\" aria-label=\"2 of 3\"><figure class=\"swiper-slide-inner\"><img decoding=\"async\" class=\"swiper-slide-image\" src=\"https:\/\/valgadepoo.ee\/wp-content\/uploads\/2023\/07\/meist_slider_2-scaled.jpg\" alt=\"meist_slider_2\" \/><\/figure><\/div><div class=\"swiper-slide\" role=\"group\" aria-roledescription=\"slide\" aria-label=\"3 of 3\"><figure class=\"swiper-slide-inner\"><img decoding=\"async\" class=\"swiper-slide-image\" src=\"https:\/\/valgadepoo.ee\/wp-content\/uploads\/2023\/07\/meist_slider_4-scaled.jpg\" alt=\"meist_slider_4\" \/><\/figure><\/div>\t\t\t<\/div>\n\t\t\t\t\t\t\t\t\t\t\t\t<div class=\"elementor-swiper-button elementor-swiper-button-prev\" role=\"button\" tabindex=\"0\">\n\t\t\t\t\t\t<i aria-hidden=\"true\" class=\"eicon-chevron-left\"><\/i>\t\t\t\t\t<\/div>\n\t\t\t\t\t<div class=\"elementor-swiper-button elementor-swiper-button-next\" role=\"button\" tabindex=\"0\">\n\t\t\t\t\t\t<i aria-hidden=\"true\" class=\"eicon-chevron-right\"><\/i>\t\t\t\t\t<\/div>\n\t\t\t\t\n\t\t\t\t\t\t\t\t\t<div class=\"swiper-pagination\"><\/div>\n\t\t\t\t\t\t\t\t\t<\/div>\n\t\t\t\t\t\t<\/div>\n\t\t\t\t<\/div>\n\t\t\t\t\t<\/div>\n\t\t<\/div>\n\t\t\t\t\t<\/div>\n\t\t<\/section>\n\t\t\t\t<section class=\"elementor-section elementor-top-section elementor-element elementor-element-2736f81 cspt-col-stretched-none cspt-bg-color-over-image elementor-section-boxed elementor-section-height-default elementor-section-height-default\" data-id=\"2736f81\" data-element_type=\"section\" data-e-type=\"section\">\n\t\t\t\t\t\t<div class=\"elementor-container elementor-column-gap-default\">\n\t\t\t\t\t<div class=\"elementor-column elementor-col-50 elementor-top-column elementor-element elementor-element-6ab14ee cspt-bg-color-over-image\" data-id=\"6ab14ee\" data-element_type=\"column\" data-e-type=\"column\">\n\t\t\t<div class=\"elementor-widget-wrap elementor-element-populated\">\n\t\t\t\t\t\t<div class=\"elementor-element elementor-element-fe9813a elementor-widget elementor-widget-text-editor\" data-id=\"fe9813a\" data-element_type=\"widget\" data-e-type=\"widget\" data-widget_type=\"text-editor.default\">\n\t\t\t\t<div class=\"elementor-widget-container\">\n\t\t\t\t\t\t\t\t\t<p>History of AS Valga Depot dates back to the year 1895 when a steam locomotives depot was opened in the city of Valga. At different times different depots have been operating on the premises of the present Valga Depot: a steam locomotives depot, a refrigerating depot and a wagon repairs depot.<\/p><p>Today AS Valga Depoo is a company that is equipped with modern technology as well as staff of workers who are capable of managing with any of the tasks given to them.<\/p>\t\t\t\t\t\t\t\t<\/div>\n\t\t\t\t<\/div>\n\t\t\t\t\t<\/div>\n\t\t<\/div>\n\t\t\t\t<div class=\"elementor-column elementor-col-50 elementor-top-column elementor-element elementor-element-b8fea53 cspt-bg-color-over-image\" data-id=\"b8fea53\" data-element_type=\"column\" data-e-type=\"column\">\n\t\t\t<div class=\"elementor-widget-wrap elementor-element-populated\">\n\t\t\t\t\t\t<div class=\"elementor-element elementor-element-c9c90a6 elementor-widget__width-initial elementor-widget elementor-widget-image\" data-id=\"c9c90a6\" data-element_type=\"widget\" data-e-type=\"widget\" data-widget_type=\"image.default\">\n\t\t\t\t<div class=\"elementor-widget-container\">\n\t\t\t\t\t\t\t\t\t\t\t\t\t\t\t<img decoding=\"async\" width=\"259\" height=\"162\" src=\"https:\/\/valgadepoo.ee\/wp-content\/uploads\/2023\/07\/meist_vana.jpg\" class=\"attachment-2048x2048 size-2048x2048 wp-image-208\" alt=\"\" srcset=\"https:\/\/valgadepoo.ee\/wp-content\/uploads\/2023\/07\/meist_vana.jpg 259w, https:\/\/valgadepoo.ee\/wp-content\/uploads\/2023\/07\/meist_vana-18x12.jpg 18w\" sizes=\"(max-width: 259px) 100vw, 259px\" data-id=\"208\" \/>\t\t\t\t\t\t\t\t\t\t\t\t\t\t\t<\/div>\n\t\t\t\t<\/div>\n\t\t\t\t\t<\/div>\n\t\t<\/div>\n\t\t\t\t\t<\/div>\n\t\t<\/section>\n\t\t\t\t<section class=\"elementor-section elementor-top-section elementor-element elementor-element-9364d31 cspt-col-stretched-none cspt-bg-color-over-image elementor-section-boxed elementor-section-height-default elementor-section-height-default\" data-id=\"9364d31\" data-element_type=\"section\" data-e-type=\"section\">\n\t\t\t\t\t\t<div class=\"elementor-container elementor-column-gap-default\">\n\t\t\t\t\t<div class=\"elementor-column elementor-col-100 elementor-top-column elementor-element elementor-element-20895f9 cspt-bg-color-over-image\" data-id=\"20895f9\" data-element_type=\"column\" data-e-type=\"column\">\n\t\t\t<div class=\"elementor-widget-wrap elementor-element-populated\">\n\t\t\t\t\t\t<div class=\"elementor-element elementor-element-c691eff elementor-widget elementor-widget-spacer\" data-id=\"c691eff\" data-element_type=\"widget\" data-e-type=\"widget\" data-widget_type=\"spacer.default\">\n\t\t\t\t<div class=\"elementor-widget-container\">\n\t\t\t\t\t\t\t<div class=\"elementor-spacer\">\n\t\t\t<div class=\"elementor-spacer-inner\"><\/div>\n\t\t<\/div>\n\t\t\t\t\t\t<\/div>\n\t\t\t\t<\/div>\n\t\t\t\t\t<\/div>\n\t\t<\/div>\n\t\t\t\t\t<\/div>\n\t\t<\/section>\n\t\t\t\t<section class=\"elementor-section elementor-top-section elementor-element elementor-element-78121d2 cspt-col-stretched-none cspt-bg-color-over-image elementor-section-boxed elementor-section-height-default elementor-section-height-default\" data-id=\"78121d2\" data-element_type=\"section\" data-e-type=\"section\">\n\t\t\t\t\t\t<div class=\"elementor-container elementor-column-gap-default\">\n\t\t\t\t\t<div class=\"elementor-column elementor-col-50 elementor-top-column elementor-element elementor-element-22e5281 cspt-bg-color-over-image\" data-id=\"22e5281\" data-element_type=\"column\" data-e-type=\"column\">\n\t\t\t<div class=\"elementor-widget-wrap elementor-element-populated\">\n\t\t\t\t\t\t<div class=\"elementor-element elementor-element-19be4c5 elementor-widget elementor-widget-image\" data-id=\"19be4c5\" data-element_type=\"widget\" data-e-type=\"widget\" data-widget_type=\"image.default\">\n\t\t\t\t<div class=\"elementor-widget-container\">\n\t\t\t\t\t\t\t\t\t\t\t\t\t\t\t<img fetchpriority=\"high\" decoding=\"async\" width=\"847\" height=\"358\" src=\"https:\/\/valgadepoo.ee\/wp-content\/uploads\/2023\/07\/meist_uus-1024x433.png\" class=\"attachment-large size-large wp-image-229\" alt=\"\" srcset=\"https:\/\/valgadepoo.ee\/wp-content\/uploads\/2023\/07\/meist_uus-1024x433.png 1024w, https:\/\/valgadepoo.ee\/wp-content\/uploads\/2023\/07\/meist_uus-300x127.png 300w, https:\/\/valgadepoo.ee\/wp-content\/uploads\/2023\/07\/meist_uus-768x325.png 768w, https:\/\/valgadepoo.ee\/wp-content\/uploads\/2023\/07\/meist_uus-1536x650.png 1536w, https:\/\/valgadepoo.ee\/wp-content\/uploads\/2023\/07\/meist_uus-2048x867.png 2048w, https:\/\/valgadepoo.ee\/wp-content\/uploads\/2023\/07\/meist_uus-18x8.png 18w, https:\/\/valgadepoo.ee\/wp-content\/uploads\/2023\/07\/meist_uus-770x326.png 770w\" sizes=\"(max-width: 847px) 100vw, 847px\" data-id=\"229\" \/>\t\t\t\t\t\t\t\t\t\t\t\t\t\t\t<\/div>\n\t\t\t\t<\/div>\n\t\t\t\t\t<\/div>\n\t\t<\/div>\n\t\t\t\t<div class=\"elementor-column elementor-col-50 elementor-top-column elementor-element elementor-element-b599d64 cspt-bg-color-over-image\" data-id=\"b599d64\" data-element_type=\"column\" data-e-type=\"column\">\n\t\t\t<div class=\"elementor-widget-wrap elementor-element-populated\">\n\t\t\t\t\t\t<div class=\"elementor-element elementor-element-6605a88 elementor-widget elementor-widget-text-editor\" data-id=\"6605a88\" data-element_type=\"widget\" data-e-type=\"widget\" data-widget_type=\"text-editor.default\">\n\t\t\t\t<div class=\"elementor-widget-container\">\n\t\t\t\t\t\t\t\t\t<p>The main purpose of our operations is performing high-quality repair works of freight wagons as well as optimisation of costs for the owners of wagons.<\/p><p>.<\/p>\t\t\t\t\t\t\t\t<\/div>\n\t\t\t\t<\/div>\n\t\t\t\t\t<\/div>\n\t\t<\/div>\n\t\t\t\t\t<\/div>\n\t\t<\/section>\n\t\t\t\t<section class=\"elementor-section elementor-top-section elementor-element elementor-element-05759ac cspt-col-stretched-none cspt-bg-color-over-image elementor-section-boxed elementor-section-height-default elementor-section-height-default\" data-id=\"05759ac\" data-element_type=\"section\" data-e-type=\"section\">\n\t\t\t\t\t\t<div class=\"elementor-container elementor-column-gap-default\">\n\t\t\t\t\t<div class=\"elementor-column elementor-col-100 elementor-top-column elementor-element elementor-element-6569bcd cspt-bg-color-over-image\" data-id=\"6569bcd\" data-element_type=\"column\" data-e-type=\"column\">\n\t\t\t<div class=\"elementor-widget-wrap elementor-element-populated\">\n\t\t\t\t\t\t<div class=\"elementor-element elementor-element-09b69e0 elementor-widget elementor-widget-spacer\" data-id=\"09b69e0\" data-element_type=\"widget\" data-e-type=\"widget\" data-widget_type=\"spacer.default\">\n\t\t\t\t<div class=\"elementor-widget-container\">\n\t\t\t\t\t\t\t<div class=\"elementor-spacer\">\n\t\t\t<div class=\"elementor-spacer-inner\"><\/div>\n\t\t<\/div>\n\t\t\t\t\t\t<\/div>\n\t\t\t\t<\/div>\n\t\t\t\t\t<\/div>\n\t\t<\/div>\n\t\t\t\t\t<\/div>\n\t\t<\/section>\n\t\t\t\t<\/div>","protected":false},"excerpt":{"rendered":"<p>AS Valga Depoo ajalugu algab aastast 1895, kui Valga linnas avati Auruveduri Depoo. Valga Depoo territooriumil on erinevatel ajahetkedel olnud: Auruveduri Depoo, K\u00fclmutusvaguni Depoo ja Vaguni Remondidepoo. T\u00e4naseks on AS Valga Depoo varustatud kaasaegsete seadmetega ning meie kollektiiv tuleb toime k\u00f5igi meile antud \u00fclesannetega. Meie p\u00f5hiliseks eesm\u00e4rgiks on pakkuda k\u00f5rgekvaliteedilist kaubavagunite remonti ning optimeeritud kulutusi vagunite omanikele. AS Valga Depoo \u043f\u0440\u0435\u0434\u043b\u0430\u0433\u0430\u0435\u0442 \u043a\u043b\u0438\u0435\u043d\u0442\u0430\u043c \u043a\u043e\u043c\u043f\u043b\u0435\u043a\u0441\u043d\u043e\u0435 \u043e\u0431\u0441\u043b\u0443\u0436\u0438\u0432\u0430\u043d\u0438\u0435 \u043f\u043e \u0440\u0435\u043c\u043e\u043d\u0442\u0443 \u0433\u0440\u0443\u0437\u043e\u0432\u044b\u0445 \u0432\u0430\u0433\u043e\u043d\u043e\u0432, \u0432\u043a\u043b\u044e\u0447\u0430\u044f: \u043f\u043e\u0434\u0433\u043e\u0442\u043e\u0432\u043a\u0443[&hellip;]<\/p>\n","protected":false},"author":1,"featured_media":0,"parent":0,"menu_order":0,"comment_status":"closed","ping_status":"closed","template":"","meta":{"_acf_changed":false,"footnotes":""},"class_list":["post-94","page","type-page","status-publish","hentry"],"acf":[],"_links":{"self":[{"href":"https:\/\/valgadepoo.ee\/en\/wp-json\/wp\/v2\/pages\/94"}],"collection":[{"href":"https:\/\/valgadepoo.ee\/en\/wp-json\/wp\/v2\/pages"}],"about":[{"href":"https:\/\/valgadepoo.ee\/en\/wp-json\/wp\/v2\/types\/page"}],"author":[{"embeddable":true,"href":"https:\/\/valgadepoo.ee\/en\/wp-json\/wp\/v2\/users\/1"}],"replies":[{"embeddable":true,"href":"https:\/\/valgadepoo.ee\/en\/wp-json\/wp\/v2\/comments?post=94"}],"version-history":[{"count":56,"href":"https:\/\/valgadepoo.ee\/en\/wp-json\/wp\/v2\/pages\/94\/revisions"}],"predecessor-version":[{"id":364,"href":"https:\/\/valgadepoo.ee\/en\/wp-json\/wp\/v2\/pages\/94\/revisions\/364"}],"wp:attachment":[{"href":"https:\/\/valgadepoo.ee\/en\/wp-json\/wp\/v2\/media?parent=94"}],"curies":[{"name":"wp","href":"https:\/\/api.w.org\/{rel}","templated":true}]}}